{"id":302,"date":"2021-08-11T15:35:26","date_gmt":"2021-08-11T15:35:26","guid":{"rendered":"https:\/\/cafeycerezas.com\/?page_id=302"},"modified":"2021-09-12T08:27:04","modified_gmt":"2021-09-12T08:27:04","slug":"cafe-del-mes","status":"publish","type":"page","link":"https:\/\/cafeycerezas.com\/?page_id=302","title":{"rendered":"Caf\u00e9 del Mes: Subterr\u00e1nea caf\u00e9"},"content":{"rendered":"<p><img loading=\"lazy\" class=\"aligncenter size-large wp-image-339\" src=\"https:\/\/cafeycerezas.com\/wp-content\/uploads\/2021\/09\/Subterranea-3-1024x575.jpg\" alt=\"\" width=\"840\" height=\"472\" srcset=\"https:\/\/cafeycerezas.com\/wp-content\/uploads\/2021\/09\/Subterranea-3-1024x575.jpg 1024w, https:\/\/cafeycerezas.com\/wp-content\/uploads\/2021\/09\/Subterranea-3-300x169.jpg 300w, https:\/\/cafeycerezas.com\/wp-content\/uploads\/2021\/09\/Subterranea-3-768x431.jpg 768w, https:\/\/cafeycerezas.com\/wp-content\/uploads\/2021\/09\/Subterranea-3-107x60.jpg 107w, https:\/\/cafeycerezas.com\/wp-content\/uploads\/2021\/09\/Subterranea-3-840x473.jpg 840w, https:\/\/cafeycerezas.com\/wp-content\/uploads\/2021\/09\/Subterranea-3.jpg 1100w\" sizes=\"(max-width: 840px) 100vw, 840px\" \/><\/p>\n<p><img loading=\"lazy\" class=\"aligncenter size-large wp-image-340\" src=\"https:\/\/cafeycerezas.com\/wp-content\/uploads\/2021\/09\/subte3-886x1024.png\" alt=\"subterr\u00e1nea caf\u00e9\" width=\"840\" height=\"971\" srcset=\"https:\/\/cafeycerezas.com\/wp-content\/uploads\/2021\/09\/subte3-886x1024.png 886w, https:\/\/cafeycerezas.com\/wp-content\/uploads\/2021\/09\/subte3-259x300.png 259w, https:\/\/cafeycerezas.com\/wp-content\/uploads\/2021\/09\/subte3-768x888.png 768w, https:\/\/cafeycerezas.com\/wp-content\/uploads\/2021\/09\/subte3-52x60.png 52w, https:\/\/cafeycerezas.com\/wp-content\/uploads\/2021\/09\/subte3.png 908w\" sizes=\"(max-width: 840px) 100vw, 840px\" \/><\/p>\n<p>Cada mes en nuestro blog de caf\u00e9: CAFE Y CEREZAS , tendremos rese\u00f1as de una marca de caf\u00e9, en esta primera entrega, nuestro invitado es SUBTERR\u00c1NEA CAF\u00c9.<\/p>\n<p class=\"p1\"><span class=\"s1\">Juan Carlos Echeand\u00eda es un tipo particular. Lo conozco, pues al igual que yo, viene del mundo del<span class=\"Apple-converted-space\">\u00a0 <\/span>cine. Su<span class=\"Apple-converted-space\">\u00a0 <\/span>soberbio documental de alt\u00edsima factura \u201cVenezuela Subterr\u00e1nea\u201d, cuenta la historia del Hip Hop y Rap venezolanos, el film se adentra en este submundo donde las balas, la violencia, la poes\u00eda y la m\u00fasica conviven en los barrios pobres de Caracas. Luego Echeand\u00eda, hizo la banda sonora del film y fue un exitazo musical. Posteriormente se dedic\u00f3 a la producci\u00f3n discogr\u00e1fica con la empresa Subterr\u00e1neo Records con gran \u00e9xito y<span class=\"Apple-converted-space\">\u00a0 <\/span>ahora lo reencuentro &#8211; gracias a Instagram- con el proyecto Cafe Subterr\u00e1nea Caf\u00e9.<\/span><\/p>\n<p class=\"p3\"><span class=\"s1\">Aqu\u00ed empieza mi conversaci\u00f3n con Juan Carlos<\/span><\/p>\n<p class=\"p3\"><span class=\"s1\">De d\u00f3nde Proviene el cafe de Subterr\u00e1neo Caf\u00e9? <\/span><\/p>\n<p class=\"p3\"><span class=\"s1\">El caf\u00e9 de Subterr\u00e1neo provienen de diferentes lugares de Venezuela. Originalmente trabajamos con caf\u00e9 del pie de monte andino de Venezuela, en el Estado Barinas en la zona de Calderas, que es una zona boscosa donde se da muy buen caf\u00e9, un importante eje cafetalero. Es un caf\u00e9<span class=\"Apple-converted-space\">\u00a0 <\/span>cultivado a m\u00e1s de 1000 metros de altura . Nuestro caf\u00e9 tambi\u00e9n viene de la zona andina: de Santa Cruz de Mora en el<span class=\"Apple-converted-space\">\u00a0 <\/span>Estado M\u00e9rida:<span class=\"Apple-converted-space\">\u00a0 <\/span>el eje cafetalero mas importante del pa\u00eds y <span class=\"Apple-converted-space\">\u00a0 <\/span>del Estado Trujillo de Bocon\u00f3, que es un caf\u00e9 de<span class=\"Apple-converted-space\">\u00a0 <\/span>1600 metros de altura de una variedad llamada Caturra y tambi\u00e9n trabajo el caf\u00e9 de<span class=\"Apple-converted-space\">\u00a0 <\/span>Guarico en el Estado Lara (1100 metros de altura)<span class=\"Apple-converted-space\">\u00a0 <\/span>de una variedad llamaba Colombia 23, que a pesar de su nombre es caf\u00e9 de Venezuela.<\/span><\/p>\n<p><img loading=\"lazy\" class=\"aligncenter size-large wp-image-342\" src=\"https:\/\/cafeycerezas.com\/wp-content\/uploads\/2021\/09\/subt4-1024x940.png\" alt=\"\" width=\"840\" height=\"771\" srcset=\"https:\/\/cafeycerezas.com\/wp-content\/uploads\/2021\/09\/subt4-1024x940.png 1024w, https:\/\/cafeycerezas.com\/wp-content\/uploads\/2021\/09\/subt4-300x275.png 300w, https:\/\/cafeycerezas.com\/wp-content\/uploads\/2021\/09\/subt4-768x705.png 768w, https:\/\/cafeycerezas.com\/wp-content\/uploads\/2021\/09\/subt4-65x60.png 65w, https:\/\/cafeycerezas.com\/wp-content\/uploads\/2021\/09\/subt4.png 1146w\" sizes=\"(max-width: 840px) 100vw, 840px\" \/> <img loading=\"lazy\" class=\"aligncenter size-full wp-image-345\" src=\"https:\/\/cafeycerezas.com\/wp-content\/uploads\/2021\/09\/Screenshot_20210911-144806-1.jpeg\" alt=\"\" width=\"660\" height=\"794\" srcset=\"https:\/\/cafeycerezas.com\/wp-content\/uploads\/2021\/09\/Screenshot_20210911-144806-1.jpeg 660w, https:\/\/cafeycerezas.com\/wp-content\/uploads\/2021\/09\/Screenshot_20210911-144806-1-249x300.jpeg 249w, https:\/\/cafeycerezas.com\/wp-content\/uploads\/2021\/09\/Screenshot_20210911-144806-1-50x60.jpeg 50w\" sizes=\"(max-width: 660px) 100vw, 660px\" \/><\/p>\n<p><img loading=\"lazy\" class=\"aligncenter size-large wp-image-344\" src=\"https:\/\/cafeycerezas.com\/wp-content\/uploads\/2021\/09\/subt7-1024x915.png\" alt=\"\" width=\"840\" height=\"751\" srcset=\"https:\/\/cafeycerezas.com\/wp-content\/uploads\/2021\/09\/subt7-1024x915.png 1024w, https:\/\/cafeycerezas.com\/wp-content\/uploads\/2021\/09\/subt7-300x268.png 300w, https:\/\/cafeycerezas.com\/wp-content\/uploads\/2021\/09\/subt7-768x686.png 768w, https:\/\/cafeycerezas.com\/wp-content\/uploads\/2021\/09\/subt7-67x60.png 67w, https:\/\/cafeycerezas.com\/wp-content\/uploads\/2021\/09\/subt7.png 1168w\" sizes=\"(max-width: 840px) 100vw, 840px\" \/><\/p>\n<p><img loading=\"lazy\" class=\"aligncenter size-large wp-image-343\" src=\"https:\/\/cafeycerezas.com\/wp-content\/uploads\/2021\/09\/subt5-1024x575.png\" alt=\"subterr\u00e1nea caf\u00e9\" width=\"840\" height=\"472\" srcset=\"https:\/\/cafeycerezas.com\/wp-content\/uploads\/2021\/09\/subt5-1024x575.png 1024w, https:\/\/cafeycerezas.com\/wp-content\/uploads\/2021\/09\/subt5-300x168.png 300w, https:\/\/cafeycerezas.com\/wp-content\/uploads\/2021\/09\/subt5-768x431.png 768w, https:\/\/cafeycerezas.com\/wp-content\/uploads\/2021\/09\/subt5-107x60.png 107w, https:\/\/cafeycerezas.com\/wp-content\/uploads\/2021\/09\/subt5-840x473.png 840w, https:\/\/cafeycerezas.com\/wp-content\/uploads\/2021\/09\/subt5.png 1154w\" sizes=\"(max-width: 840px) 100vw, 840px\" \/><\/p>\n<p class=\"p3\"><span class=\"s1\">Cuales son las caracter\u00edsticas de Subterr\u00e1neo Caf\u00e9 ? <\/span><\/p>\n<p class=\"p3\"><span class=\"s1\">Las caracter\u00edstica fundamental es que<span class=\"Apple-converted-space\">\u00a0 <\/span>trabajo con caf\u00e9 de origen. Que es un caf\u00e9 donde compruebas su trazabilidad desde el campo hasta tu taza.<span class=\"Apple-converted-space\">\u00a0 <\/span>Es caf\u00e9 que yo negocio en cada finca con los caficultores y que yo mismo traigo, por lo que garantizo: que puedo indicar exactamente de d\u00f3nde proviene cada grano, incluso puedo determinar de que lote, de que cosecha, de que variedad, viene ese caf\u00e9.<span class=\"Apple-converted-space\">\u00a0 <\/span>Trabajo con un gran est\u00e1ndar de calidad , es caf\u00e9 que se selecciona a mano, con frutos rojos, con muy poco defecto, solo granos seleccionados de la variedad ar\u00e1bica. Trabajo espec\u00edficamente con caf\u00e9s de<span class=\"Apple-converted-space\">\u00a0 <\/span>al menos 1000 metros de altura sobre el nivel del mar. Por todo ellos<span class=\"Apple-converted-space\">\u00a0 <\/span>Subterr\u00e1neo es caf\u00e9 de origen.<\/span><\/p>\n<p class=\"p3\"><span class=\"s1\">Qu\u00e9 aromas predominan en Subterr\u00e1neo ?<\/span><\/p>\n<p class=\"p3\"><span class=\"s1\">Son aromas evocadores, atractivos, cautivantes, esto da luz sobre lo que ser\u00e1 su sabor. C\u00edtricos, frutales, herbales,<span class=\"Apple-converted-space\">\u00a0 <\/span>achocolatados y amanerados. En tu taza vas a notar estos aromas. <\/span><\/p>\n<p class=\"p3\"><span class=\"s1\">Cuales son tus armon\u00edas preferidas para Subterr\u00e1neo ?<\/span><\/p>\n<p class=\"p3\"><span class=\"s1\">La primera armon\u00eda es caf\u00e9 con leche y pan dulce, hasta armon\u00edas m\u00e1s sofisticadas o menos comunes, que es mi predilecta: caf\u00e9 y tabaco. El caf\u00e9 es buen acompa\u00f1ante del fumador de tabaco. La armon\u00eda de tabaco y caf\u00e9 me gusta much\u00edsimo porque me hace sentir parte de una historia originaria de Venezuela, ya que<span class=\"Apple-converted-space\">\u00a0 <\/span>nuestro primeros cultivos fueron precisamente caf\u00e9 y tabaco. Un buen caf\u00e9 con un buen tabaco venezolano me hace sentir que vuelvo a mis ancestros.<\/span><\/p>\n<p class=\"p3\"><span class=\"s1\">Qu\u00e9 distingue a Subterr\u00e1neo ?<\/span><\/p>\n<p class=\"p3\"><span class=\"s1\">El caf\u00e9 que ofrecemos es caf\u00e9 de origen, negociado en puerta de<span class=\"Apple-converted-space\">\u00a0 <\/span>cada finca. Nuestra filosof\u00eda es que los clientes y los caficultures son el centro de nuestro negocio.<span class=\"Apple-converted-space\">\u00a0 <\/span>Quiz\u00e1s, no tenemos todo el beneficio que se pudiera sacar pero s\u00ed, toda la calidad, entonces no es un caf\u00e9 econ\u00f3mico pero s\u00ed tiene una gran calidad. Trabajo con un volumen modesto, pero<span class=\"Apple-converted-space\">\u00a0 <\/span>quien compra nuestro caf\u00e9 sabe que esta comprando un excelente producto. Un<span class=\"Apple-converted-space\">\u00a0 <\/span>caf\u00e9 sin defectos porque cuidamos grano a grano, ofrecemos una calidad superior a su precio.<\/span><\/p>\n<p class=\"p3\"><span class=\"s1\">Nos enfocamos en la satisfacci\u00f3n del cliente: un vinculo de amistad con cada cliente,<span class=\"Apple-converted-space\">\u00a0 <\/span>el foco est\u00e1 en el beneficio para los caficultores y su equipo.<span class=\"Apple-converted-space\">\u00a0 <\/span>Hacemos caf\u00e9 a la medida de cada cliente: sabemos qu\u00e9 tipo de tueste prefiere cada cliente, la<span class=\"Apple-converted-space\">\u00a0 <\/span>variedad que prefiere. No tengo muchos clientes pero a cada uno me dedico de forma especial. Por esto nuestro caf\u00e9 tiene una calidad superior a su precio.<\/span><\/p>\n<p><img loading=\"lazy\" class=\"aligncenter size-large wp-image-341\" src=\"https:\/\/cafeycerezas.com\/wp-content\/uploads\/2021\/09\/subt2-874x1024.png\" alt=\"\" width=\"840\" height=\"984\" srcset=\"https:\/\/cafeycerezas.com\/wp-content\/uploads\/2021\/09\/subt2-874x1024.png 874w, https:\/\/cafeycerezas.com\/wp-content\/uploads\/2021\/09\/subt2-256x300.png 256w, https:\/\/cafeycerezas.com\/wp-content\/uploads\/2021\/09\/subt2-768x900.png 768w, https:\/\/cafeycerezas.com\/wp-content\/uploads\/2021\/09\/subt2-51x60.png 51w, https:\/\/cafeycerezas.com\/wp-content\/uploads\/2021\/09\/subt2.png 908w\" sizes=\"(max-width: 840px) 100vw, 840px\" \/><\/p>\n<p>Puedes visitar el Instagram de SUBTERR\u00c1NEA CAF\u00c9 :<\/p>\n<h3 class=\"LC20lb DKV0Md\">Subterr\u00e1nea Caf\u00e9 (@subterraneacafe) &#8211; Instagram<\/h3>\n","protected":false},"excerpt":{"rendered":"<p>Cada mes en nuestro blog de caf\u00e9: CAFE Y CEREZAS , tendremos rese\u00f1as de una marca de caf\u00e9, en esta primera entrega, nuestro invitado es &hellip; <\/p>\n","protected":false},"author":1,"featured_media":344,"parent":0,"menu_order":0,"comment_status":"closed","ping_status":"closed","template":"","meta":[],"yoast_head":"<!-- This site is optimized with the Yoast SEO plugin v14.1 - https:\/\/yoast.com\/wordpress\/plugins\/seo\/ -->\n<title>Caf\u00e9 del Mes: Subterr\u00e1nea caf\u00e9 - CAFE Y CEREZAS<\/title>\n<meta name=\"robots\" content=\"index, follow\" \/>\n<meta name=\"googlebot\" content=\"index, follow, max-snippet:-1, max-image-preview:large, max-video-preview:-1\" \/>\n<meta name=\"bingbot\" content=\"index, follow, max-snippet:-1, max-image-preview:large, max-video-preview:-1\" \/>\n<link rel=\"canonical\" href=\"https:\/\/cafeycerezas.com\/?page_id=302\" \/>\n<meta property=\"og:locale\" content=\"es_ES\" \/>\n<meta property=\"og:type\" content=\"article\" \/>\n<meta property=\"og:title\" content=\"Caf\u00e9 del Mes: Subterr\u00e1nea caf\u00e9 - CAFE Y CEREZAS\" \/>\n<meta property=\"og:description\" content=\"Cada mes en nuestro blog de caf\u00e9: CAFE Y CEREZAS , tendremos rese\u00f1as de una marca de caf\u00e9, en esta primera entrega, nuestro invitado es &hellip;\" \/>\n<meta property=\"og:url\" content=\"https:\/\/cafeycerezas.com\/?page_id=302\" \/>\n<meta property=\"og:site_name\" content=\"CAFE Y CEREZAS\" \/>\n<meta property=\"article:modified_time\" content=\"2021-09-12T08:27:04+00:00\" \/>\n<meta property=\"og:image\" content=\"https:\/\/cafeycerezas.com\/wp-content\/uploads\/2021\/09\/subt7.png\" \/>\n\t<meta property=\"og:image:width\" content=\"1168\" \/>\n\t<meta property=\"og:image:height\" content=\"1044\" \/>\n<meta name=\"twitter:card\" content=\"summary_large_image\" \/>\n<script type=\"application\/ld+json\" class=\"yoast-schema-graph\">{\"@context\":\"https:\/\/schema.org\",\"@graph\":[{\"@type\":\"WebSite\",\"@id\":\"https:\/\/cafeycerezas.com\/#website\",\"url\":\"https:\/\/cafeycerezas.com\/\",\"name\":\"CAFE Y CEREZAS\",\"description\":\"\",\"potentialAction\":[{\"@type\":\"SearchAction\",\"target\":\"https:\/\/cafeycerezas.com\/?s={search_term_string}\",\"query-input\":\"required name=search_term_string\"}],\"inLanguage\":\"es\"},{\"@type\":\"ImageObject\",\"@id\":\"https:\/\/cafeycerezas.com\/?page_id=302#primaryimage\",\"inLanguage\":\"es\",\"url\":\"https:\/\/cafeycerezas.com\/wp-content\/uploads\/2021\/09\/subt7.png\",\"width\":1168,\"height\":1044,\"caption\":\"caf\\u00e9 venezolano, Blog de cafe\"},{\"@type\":\"WebPage\",\"@id\":\"https:\/\/cafeycerezas.com\/?page_id=302#webpage\",\"url\":\"https:\/\/cafeycerezas.com\/?page_id=302\",\"name\":\"Caf\\u00e9 del Mes: Subterr\\u00e1nea caf\\u00e9 - CAFE Y CEREZAS\",\"isPartOf\":{\"@id\":\"https:\/\/cafeycerezas.com\/#website\"},\"primaryImageOfPage\":{\"@id\":\"https:\/\/cafeycerezas.com\/?page_id=302#primaryimage\"},\"datePublished\":\"2021-08-11T15:35:26+00:00\",\"dateModified\":\"2021-09-12T08:27:04+00:00\",\"inLanguage\":\"es\",\"potentialAction\":[{\"@type\":\"ReadAction\",\"target\":[\"https:\/\/cafeycerezas.com\/?page_id=302\"]}]}]}<\/script>\n<!-- \/ Yoast SEO plugin. -->","_links":{"self":[{"href":"https:\/\/cafeycerezas.com\/index.php?rest_route=\/wp\/v2\/pages\/302"}],"collection":[{"href":"https:\/\/cafeycerezas.com\/index.php?rest_route=\/wp\/v2\/pages"}],"about":[{"href":"https:\/\/cafeycerezas.com\/index.php?rest_route=\/wp\/v2\/types\/page"}],"author":[{"embeddable":true,"href":"https:\/\/cafeycerezas.com\/index.php?rest_route=\/wp\/v2\/users\/1"}],"replies":[{"embeddable":true,"href":"https:\/\/cafeycerezas.com\/index.php?rest_route=%2Fwp%2Fv2%2Fcomments&post=302"}],"version-history":[{"count":3,"href":"https:\/\/cafeycerezas.com\/index.php?rest_route=\/wp\/v2\/pages\/302\/revisions"}],"predecessor-version":[{"id":338,"href":"https:\/\/cafeycerezas.com\/index.php?rest_route=\/wp\/v2\/pages\/302\/revisions\/338"}],"wp:featuredmedia":[{"embeddable":true,"href":"https:\/\/cafeycerezas.com\/index.php?rest_route=\/wp\/v2\/media\/344"}],"wp:attachment":[{"href":"https:\/\/cafeycerezas.com\/index.php?rest_route=%2Fwp%2Fv2%2Fmedia&parent=302"}],"curies":[{"name":"wp","href":"https:\/\/api.w.org\/{rel}","templated":true}]}}